{"id":5780,"date":"2018-08-01T09:48:36","date_gmt":"2018-08-01T09:48:36","guid":{"rendered":"http:\/\/art.server.iquadart.by\/?page_id=5780"},"modified":"2019-08-15T10:32:32","modified_gmt":"2019-08-15T15:32:32","slug":"projets-dart","status":"publish","type":"page","link":"https:\/\/temp1.turnbull.co\/fr\/projets-dart\/","title":{"rendered":"Les projets d&rsquo;art"},"content":{"rendered":"","protected":false},"excerpt":{"rendered":"","protected":false},"author":2,"featured_media":0,"parent":0,"menu_order":0,"comment_status":"closed","ping_status":"closed","template":"template-art.php","meta":{"_mi_skip_tracking":false,"_monsterinsights_sitenote_active":false,"_monsterinsights_sitenote_note":"","_monsterinsights_sitenote_category":0},"meta_box":{"main_nav_item_1":"","main_nav_item_2":"","main_nav_item_3":"","bottom_text_block_title":"","bottom_text_block_content":"","info_image":[],"info_title":"","info_brief":"","header_title":"Les projets d'art","header_subtitle":"D\u00e9fi d\u2019affiches","register_title":"D\u00e9fi d\u2019affiches","register_text":"Nous invitons les \u00e9l\u00e8ves de 5e ann\u00e9e partout dans la Province.  \u00e0 imaginer, concevoir et r\u00e9aliser des affiches qui illustrent ce qui leur tient \u00e0 c\u0153ur dans la Charte des droits et libert\u00e9s. Les officiels du palais de justice local choisiront leurs affiches pr\u00e9f\u00e9r\u00e9es et une affiche gagnante sera expos\u00e9e \u00e0 la vue du public dans le palais de justice pendant toute une ann\u00e9e!","register_url":"http:\/\/ojen.ca\/fr\/program\/defi-dillustrations-pour-les-eleves-de-5e-annee","floor_plan_image":false,"floor_plan_title":"","floor_plan_description":"","floor_plan_room_position":[]},"_links":{"self":[{"href":"https:\/\/temp1.turnbull.co\/fr\/wp-json\/wp\/v2\/pages\/5780"}],"collection":[{"href":"https:\/\/temp1.turnbull.co\/fr\/wp-json\/wp\/v2\/pages"}],"about":[{"href":"https:\/\/temp1.turnbull.co\/fr\/wp-json\/wp\/v2\/types\/page"}],"author":[{"embeddable":true,"href":"https:\/\/temp1.turnbull.co\/fr\/wp-json\/wp\/v2\/users\/2"}],"replies":[{"embeddable":true,"href":"https:\/\/temp1.turnbull.co\/fr\/wp-json\/wp\/v2\/comments?post=5780"}],"version-history":[{"count":3,"href":"https:\/\/temp1.turnbull.co\/fr\/wp-json\/wp\/v2\/pages\/5780\/revisions"}],"predecessor-version":[{"id":6395,"href":"https:\/\/temp1.turnbull.co\/fr\/wp-json\/wp\/v2\/pages\/5780\/revisions\/6395"}],"wp:attachment":[{"href":"https:\/\/temp1.turnbull.co\/fr\/wp-json\/wp\/v2\/media?parent=5780"}],"curies":[{"name":"wp","href":"https:\/\/api.w.org\/{rel}","templated":true}]}}