{"id":6927,"date":"2021-02-24T11:59:10","date_gmt":"2021-02-24T16:59:10","guid":{"rendered":"http:\/\/temp1.turnbull.co\/?page_id=6927"},"modified":"2021-02-24T11:59:39","modified_gmt":"2021-02-24T16:59:39","slug":"instructions-pour-ordinateur-de-bureau","status":"publish","type":"page","link":"https:\/\/temp1.turnbull.co\/fr\/instructions-pour-ordinateur-de-bureau\/","title":{"rendered":"Instructions pour ordinateur de bureau"},"content":{"rendered":"<h2>Instructions pour ordinateur de bureau<\/h2>\n<ul>\n<li>Sur des \u00e9crans plus petits, vous pouvez cliquer sur la photo et faire d\u00e9filer vers la gauche \/ droite pour faire d\u00e9filer la photo dans votre navigateur Web<\/li>\n<li>Cliquez sur l&rsquo;ic\u00f4ne de d\u00e9veloppement (coin sup\u00e9rieur droit de votre \u00e9cran) pour voir cette visite en mode plein \u00e9cran<\/li>\n<li>Cliquez sur un point d&rsquo;acc\u00e8s pour en savoir plus sur cette zone<\/li>\n<li>Cliquez sur les ic\u00f4nes de loupe pour effectuer un zoom avant ou arri\u00e8re sur une photo<\/li>\n<li>Cliquez sur l&rsquo;une des fl\u00e8ches de navigation blanches (en bas de votre \u00e9cran) pour visiter une autre zone de la visite<\/li>\n<li>Cliquez sur l&rsquo;ic\u00f4ne i dans le coin sup\u00e9rieur droit de l&rsquo;\u00e9cran pour afficher \/ masquer ces instructions<\/li>\n<li>Cliquez sur le bouton du plan d&rsquo;\u00e9tage pour un aper\u00e7u de la visite virtuelle ou pour naviguer vers une zone sp\u00e9cifique<\/li>\n<\/ul>\n","protected":false},"excerpt":{"rendered":"<p>Instructions pour ordinateur de bureau Sur des \u00e9crans plus petits, vous pouvez cliquer sur la photo et faire d\u00e9filer vers la gauche \/ droite pour faire d\u00e9filer la photo dans votre navigateur Web Cliquez sur l&rsquo;ic\u00f4ne de d\u00e9veloppement (coin sup\u00e9rieur droit de votre \u00e9cran) pour voir cette visite en mode plein \u00e9cran Cliquez sur un [&hellip;]<\/p>\n","protected":false},"author":2,"featured_media":0,"parent":0,"menu_order":0,"comment_status":"closed","ping_status":"closed","template":"template-info.php","meta":{"_mi_skip_tracking":false,"_monsterinsights_sitenote_active":false,"_monsterinsights_sitenote_note":"","_monsterinsights_sitenote_category":0},"meta_box":{"main_nav_item_1":"","main_nav_item_2":"","main_nav_item_3":"","bottom_text_block_title":"","bottom_text_block_content":"","info_image":[],"info_title":"","info_brief":"","header_title":"","header_subtitle":"","register_title":"","register_text":"","register_url":"","floor_plan_image":false,"floor_plan_title":"","floor_plan_description":"","floor_plan_room_position":[]},"_links":{"self":[{"href":"https:\/\/temp1.turnbull.co\/fr\/wp-json\/wp\/v2\/pages\/6927"}],"collection":[{"href":"https:\/\/temp1.turnbull.co\/fr\/wp-json\/wp\/v2\/pages"}],"about":[{"href":"https:\/\/temp1.turnbull.co\/fr\/wp-json\/wp\/v2\/types\/page"}],"author":[{"embeddable":true,"href":"https:\/\/temp1.turnbull.co\/fr\/wp-json\/wp\/v2\/users\/2"}],"replies":[{"embeddable":true,"href":"https:\/\/temp1.turnbull.co\/fr\/wp-json\/wp\/v2\/comments?post=6927"}],"version-history":[{"count":1,"href":"https:\/\/temp1.turnbull.co\/fr\/wp-json\/wp\/v2\/pages\/6927\/revisions"}],"predecessor-version":[{"id":6928,"href":"https:\/\/temp1.turnbull.co\/fr\/wp-json\/wp\/v2\/pages\/6927\/revisions\/6928"}],"wp:attachment":[{"href":"https:\/\/temp1.turnbull.co\/fr\/wp-json\/wp\/v2\/media?parent=6927"}],"curies":[{"name":"wp","href":"https:\/\/api.w.org\/{rel}","templated":true}]}}